{"id":40424,"date":"2022-10-31T16:52:36","date_gmt":"2022-10-31T14:52:36","guid":{"rendered":"https:\/\/wizardly-einstein.82-165-125-94.plesk.page\/%d7%a1%d7%95%d7%93%d7%99%d7%95%d7%aa\/"},"modified":"2025-10-31T12:54:56","modified_gmt":"2025-10-31T10:54:56","slug":"%d7%a1%d7%95%d7%93%d7%99%d7%95%d7%aa","status":"publish","type":"page","link":"https:\/\/kavkom.com\/he\/%d7%a1%d7%95%d7%93%d7%99%d7%95%d7%aa\/","title":{"rendered":"\u05e1\u05d5\u05d3\u05d9\u05d5\u05ea"},"content":{"rendered":"\t\t<div data-elementor-type=\"wp-page\" data-elementor-id=\"40424\" class=\"elementor elementor-40424 elementor-26179\" data-elementor-post-type=\"page\">\n\t\t\t\t<div class=\"elementor-element elementor-element-4df9c52 e-flex e-con-boxed e-con e-parent\" data-id=\"4df9c52\" data-element_type=\"container\" data-e-type=\"container\" data-settings=\"{&quot;background_background&quot;:&quot;classic&quot;}\">\n\t\t\t\t\t<div class=\"e-con-inner\">\n\t\t<div class=\"elementor-element elementor-element-fd23420 e-con-full e-flex e-con e-child\" data-id=\"fd23420\" data-element_type=\"container\" data-e-type=\"container\">\n\t\t<div class=\"elementor-element elementor-element-1aa6d5b e-con-full e-flex e-con e-child\" data-id=\"1aa6d5b\" data-element_type=\"container\" data-e-type=\"container\">\n\t\t<div class=\"elementor-element elementor-element-1d00846 e-con-full e-flex e-con e-child\" data-id=\"1d00846\" data-element_type=\"container\" data-e-type=\"container\">\n\t\t\t\t<div class=\"elementor-element elementor-element-b91047e elementor-widget elementor-widget-heading\" data-id=\"b91047e\" data-element_type=\"widget\" data-e-type=\"widget\" data-widget_type=\"heading.default\">\n\t\t\t\t\t<h1 class=\"elementor-heading-title elementor-size-default\">\u05e1\u05d5\u05d3\u05d9\u05d5\u05ea<\/h1>\t\t\t\t<\/div>\n\t\t\t\t<div class=\"elementor-element elementor-element-753bdb8 elementor-widget elementor-widget-text-editor\" data-id=\"753bdb8\" data-element_type=\"widget\" data-e-type=\"widget\" data-widget_type=\"text-editor.default\">\n\t\t\t\t\t\t\t\t\t<p>\u05d4\u05d0\u05ea\u05e8 https:\/\/kavkom.com\/ \u05e0\u05de\u05e6\u05d0 \u05d1\u05d1\u05e2\u05dc\u05d5\u05ea \u05d5\u05d1\u05e0\u05d9\u05d4\u05d5\u05dc \u05e9\u05dc Kavkom France, 92 rue Jouffroy d'Abbans 75017 Paris.<\/p>\t\t\t\t\t\t\t\t<\/div>\n\t\t\t\t<\/div>\n\t\t\t\t<\/div>\n\t\t\t\t<\/div>\n\t\t<div class=\"elementor-element elementor-element-44e19bc elementor-hidden-tablet elementor-hidden-mobile e-con-full e-flex e-con e-child\" data-id=\"44e19bc\" data-element_type=\"container\" data-e-type=\"container\">\n\t\t\t\t<div class=\"elementor-element elementor-element-99bf9c1 elementor-widget elementor-widget-image\" data-id=\"99bf9c1\" data-element_type=\"widget\" data-e-type=\"widget\" data-widget_type=\"image.default\">\n\t\t\t\t\t\t\t\t\t\t\t\t\t\t\t<img fetchpriority=\"high\" decoding=\"async\" width=\"540\" height=\"448\" src=\"https:\/\/kavkom.com\/wp-content\/uploads\/2024\/01\/Solutions-avancees-dappel-pour-les-entreprises-du-secteur-de-la-sante.webp\" class=\"attachment-large size-large wp-image-37854\" alt=\"Logo repr\u00e9sentant des solutions avanc\u00e9es d&#039;appel pour les entreprises du secteur de la sant\u00e9\" \/>\t\t\t\t\t\t\t\t\t\t\t\t\t\t\t<\/div>\n\t\t\t\t<\/div>\n\t\t\t\t\t<\/div>\n\t\t\t\t<\/div>\n\t\t<div class=\"elementor-element elementor-element-9dbe962 e-flex e-con-boxed e-con e-parent\" data-id=\"9dbe962\" data-element_type=\"container\" data-e-type=\"container\">\n\t\t\t\t\t<div class=\"e-con-inner\">\n\t\t\t\t<div class=\"elementor-element elementor-element-1f8a96d elementor-cta--skin-classic elementor-animated-content elementor-bg-transform elementor-bg-transform-zoom-in elementor-widget elementor-widget-call-to-action\" data-id=\"1f8a96d\" data-element_type=\"widget\" data-e-type=\"widget\" data-widget_type=\"call-to-action.default\">\n\t\t\t\t\t\t\t<a class=\"elementor-cta\" href=\"https:\/\/kavkom.com\/confidentialite\/accord-sous-traitance-rgpd\/\">\n\t\t\t\t\t\t\t<div class=\"elementor-cta__content\">\n\t\t\t\t\n\t\t\t\t\t\t\t\t\t<div class=\"elementor-cta__title elementor-cta__content-item elementor-content-item\">\n\t\t\t\t\t\t\u05d4\u05e1\u05db\u05dd \u05e7\u05d1\u05dc\u05e0\u05d5\u05ea \u05de\u05e9\u05e0\u05d4 \u05e9\u05dc GDPR\t\t\t\t\t<\/div>\n\t\t\t\t\n\t\t\t\t\n\t\t\t\t\t\t\t\t\t<div class=\"elementor-cta__button-wrapper elementor-cta__content-item elementor-content-item \">\n\t\t\t\t\t<span class=\"elementor-cta__button elementor-button elementor-size-\">\n\t\t\t\t\t\t\u05dc\u05de\u05d3\u05d5 \u05e2\u05d5\u05d3\t\t\t\t\t<\/span>\n\t\t\t\t\t<\/div>\n\t\t\t\t\t\t\t<\/div>\n\t\t\t\t\t\t<\/a>\n\t\t\t\t\t\t<\/div>\n\t\t\t\t<div class=\"elementor-element elementor-element-ca22744 elementor-cta--skin-classic elementor-animated-content elementor-bg-transform elementor-bg-transform-zoom-in elementor-widget elementor-widget-call-to-action\" data-id=\"ca22744\" data-element_type=\"widget\" data-e-type=\"widget\" data-widget_type=\"call-to-action.default\">\n\t\t\t\t\t\t\t<a class=\"elementor-cta\" href=\"https:\/\/kavkom.com\/confidentialite\/conditions-generales\/\">\n\t\t\t\t\t\t\t<div class=\"elementor-cta__content\">\n\t\t\t\t\n\t\t\t\t\t\t\t\t\t<div class=\"elementor-cta__title elementor-cta__content-item elementor-content-item\">\n\t\t\t\t\t\t\u05ea\u05e0\u05d0\u05d9\u05dd \u05db\u05dc\u05dc\u05d9\u05d9\u05dd\t\t\t\t\t<\/div>\n\t\t\t\t\n\t\t\t\t\n\t\t\t\t\t\t\t\t\t<div class=\"elementor-cta__button-wrapper elementor-cta__content-item elementor-content-item \">\n\t\t\t\t\t<span class=\"elementor-cta__button elementor-button elementor-size-\">\n\t\t\t\t\t\t\u05dc\u05de\u05d3\u05d5 \u05e2\u05d5\u05d3\t\t\t\t\t<\/span>\n\t\t\t\t\t<\/div>\n\t\t\t\t\t\t\t<\/div>\n\t\t\t\t\t\t<\/a>\n\t\t\t\t\t\t<\/div>\n\t\t\t\t<div class=\"elementor-element elementor-element-5973a0d elementor-cta--skin-classic elementor-animated-content elementor-bg-transform elementor-bg-transform-zoom-in elementor-widget elementor-widget-call-to-action\" data-id=\"5973a0d\" data-element_type=\"widget\" data-e-type=\"widget\" data-widget_type=\"call-to-action.default\">\n\t\t\t\t\t\t\t<a class=\"elementor-cta\" href=\"https:\/\/kavkom.com\/confidentialite\/politique-de-confidentialite\/\">\n\t\t\t\t\t\t\t<div class=\"elementor-cta__content\">\n\t\t\t\t\n\t\t\t\t\t\t\t\t\t<div class=\"elementor-cta__title elementor-cta__content-item elementor-content-item\">\n\t\t\t\t\t\t\u05de\u05d3\u05d9\u05e0\u05d9\u05d5\u05ea \u05e4\u05e8\u05d8\u05d9\u05d5\u05ea\t\t\t\t\t<\/div>\n\t\t\t\t\n\t\t\t\t\n\t\t\t\t\t\t\t\t\t<div class=\"elementor-cta__button-wrapper elementor-cta__content-item elementor-content-item \">\n\t\t\t\t\t<span class=\"elementor-cta__button elementor-button elementor-size-\">\n\t\t\t\t\t\t\u05dc\u05de\u05d3\u05d5 \u05e2\u05d5\u05d3\t\t\t\t\t<\/span>\n\t\t\t\t\t<\/div>\n\t\t\t\t\t\t\t<\/div>\n\t\t\t\t\t\t<\/a>\n\t\t\t\t\t\t<\/div>\n\t\t\t\t<div class=\"elementor-element elementor-element-28938a4 elementor-cta--skin-classic elementor-animated-content elementor-bg-transform elementor-bg-transform-zoom-in elementor-widget elementor-widget-call-to-action\" data-id=\"28938a4\" data-element_type=\"widget\" data-e-type=\"widget\" data-widget_type=\"call-to-action.default\">\n\t\t\t\t\t\t\t<a class=\"elementor-cta\" href=\"https:\/\/kavkom.com\/confidentialite\/mentions-legales\/\">\n\t\t\t\t\t\t\t<div class=\"elementor-cta__content\">\n\t\t\t\t\n\t\t\t\t\t\t\t\t\t<div class=\"elementor-cta__title elementor-cta__content-item elementor-content-item\">\n\t\t\t\t\t\t\u05d4\u05d5\u05d3\u05e2\u05d5\u05ea \u05de\u05e9\u05e4\u05d8\u05d9\u05d5\u05ea\t\t\t\t\t<\/div>\n\t\t\t\t\n\t\t\t\t\n\t\t\t\t\t\t\t\t\t<div class=\"elementor-cta__button-wrapper elementor-cta__content-item elementor-content-item \">\n\t\t\t\t\t<span class=\"elementor-cta__button elementor-button elementor-size-\">\n\t\t\t\t\t\t\u05dc\u05de\u05d3\u05d5 \u05e2\u05d5\u05d3\t\t\t\t\t<\/span>\n\t\t\t\t\t<\/div>\n\t\t\t\t\t\t\t<\/div>\n\t\t\t\t\t\t<\/a>\n\t\t\t\t\t\t<\/div>\n\t\t\t\t\t<\/div>\n\t\t\t\t<\/div>\n\t\t<div class=\"elementor-element elementor-element-2ab92e8 e-flex e-con-boxed e-con e-parent\" data-id=\"2ab92e8\" data-element_type=\"container\" data-e-type=\"container\">\n\t\t\t\t\t<div class=\"e-con-inner\">\n\t\t<div class=\"elementor-element elementor-element-2196b9d e-con-full e-flex e-con e-child\" data-id=\"2196b9d\" data-element_type=\"container\" data-e-type=\"container\" data-settings=\"{&quot;background_background&quot;:&quot;classic&quot;}\">\n\t\t\t\t<div class=\"elementor-element elementor-element-ec3d710 elementor-widget elementor-widget-image\" data-id=\"ec3d710\" data-element_type=\"widget\" data-e-type=\"widget\" data-widget_type=\"image.default\">\n\t\t\t\t\t\t\t\t\t\t\t\t\t\t\t<img decoding=\"async\" width=\"300\" height=\"300\" src=\"https:\/\/kavkom.com\/wp-content\/uploads\/2022\/01\/Kavkom-Favicon.webp\" class=\"attachment-full size-full wp-image-197\" alt=\"\" \/>\t\t\t\t\t\t\t\t\t\t\t\t\t\t\t<\/div>\n\t\t\t\t<div class=\"elementor-element elementor-element-b87c58c elementor-widget elementor-widget-heading\" data-id=\"b87c58c\" data-element_type=\"widget\" data-e-type=\"widget\" data-widget_type=\"heading.default\">\n\t\t\t\t\t<h2 class=\"elementor-heading-title elementor-size-default\">\u05de\u05d5\u05db\u05df \u05dc\u05e9\u05e4\u05e8 \u05d0\u05ea \u05d4\u05ea\u05e7\u05e9\u05d5\u05e8\u05ea \u05e9\u05dc\u05da?<\/h2>\t\t\t\t<\/div>\n\t\t\t\t<div class=\"elementor-element elementor-element-4d28dab elementor-widget elementor-widget-text-editor\" data-id=\"4d28dab\" data-element_type=\"widget\" data-e-type=\"widget\" data-widget_type=\"text-editor.default\">\n\t\t\t\t\t\t\t\t\t<p>\u05d4\u05e4\u05e2\u05dc \u05d0\u05ea Kavkom \u05d1\u05de\u05db\u05e9\u05d9\u05e8 \u05d4\u05e7\u05d9\u05d9\u05dd \u05e9\u05dc\u05da.<\/p>\t\t\t\t\t\t\t\t<\/div>\n\t\t\t\t<div class=\"elementor-element elementor-element-6d2deb6 elementor-align-center elementor-widget elementor-widget-button\" data-id=\"6d2deb6\" data-element_type=\"widget\" data-e-type=\"widget\" data-widget_type=\"button.default\">\n\t\t\t\t\t\t\t\t\t\t<a class=\"elementor-button elementor-button-link elementor-size-sm\" href=\"https:\/\/kavkom.com\/he\/free-demo\/\">\n\t\t\t\t\t\t<span class=\"elementor-button-content-wrapper\">\n\t\t\t\t\t\t\t\t\t<span class=\"elementor-button-text\">\u05e7\u05d1\u05e2 \u05d4\u05d3\u05d2\u05de\u05d4<\/span>\n\t\t\t\t\t<\/span>\n\t\t\t\t\t<\/a>\n\t\t\t\t\t\t\t\t<\/div>\n\t\t\t\t<\/div>\n\t\t\t\t\t<\/div>\n\t\t\t\t<\/div>\n\t\t\t\t<\/div>\n\t\t","protected":false},"excerpt":{"rendered":"<p>\u05d4\u05d0\u05ea\u05e8 https:\/\/kavkom.com\/ \u05e0\u05de\u05e6\u05d0 \u05d1\u05d1\u05e2\u05dc\u05d5\u05ea \u05d5\u05d1\u05e0\u05d9\u05d4\u05d5\u05dc \u05e9\u05dc Kavkom France, 92 rue Jouffroy d'Abbans 75017 Paris. \u05d4\u05e1\u05db\u05dd \u05e7\u05d1\u05dc\u05e0\u05d5\u05ea \u05de\u05e9\u05e0\u05d4 \u05e9\u05dc GDPR \u05dc\u05de\u05d3\u05d5 \u05e2\u05d5\u05d3 \u05ea\u05e0\u05d0\u05d9\u05dd \u05db\u05dc\u05dc\u05d9\u05d9\u05dd \u05dc\u05de\u05d3\u05d5 \u05e2\u05d5\u05d3 \u05de\u05d3\u05d9\u05e0\u05d9\u05d5\u05ea \u05e4\u05e8\u05d8\u05d9\u05d5\u05ea \u05dc\u05de\u05d3\u05d5 \u05e2\u05d5\u05d3 \u05d4\u05d5\u05d3\u05e2\u05d5\u05ea \u05de\u05e9\u05e4\u05d8\u05d9\u05d5\u05ea \u05dc\u05de\u05d3\u05d5 \u05e2\u05d5\u05d3 \u05de\u05d5\u05db\u05df \u05dc\u05e9\u05e4\u05e8 \u05d0\u05ea \u05d4\u05ea\u05e7\u05e9\u05d5\u05e8\u05ea \u05e9\u05dc\u05da? \u05d4\u05e4\u05e2\u05dc \u05d0\u05ea Kavkom \u05d1\u05de\u05db\u05e9\u05d9\u05e8 \u05d4\u05e7\u05d9\u05d9\u05dd \u05e9\u05dc\u05da. \u05e7\u05d1\u05e2 \u05d4\u05d3\u05d2\u05de\u05d4<\/p>\n","protected":false},"author":15,"featured_media":0,"parent":0,"menu_order":0,"comment_status":"closed","ping_status":"closed","template":"","meta":{"_acf_changed":false,"content-type":"","footnotes":""},"class_list":["post-40424","page","type-page","status-publish","hentry"],"acf":[],"_links":{"self":[{"href":"https:\/\/kavkom.com\/he\/wp-json\/wp\/v2\/pages\/40424","targetHints":{"allow":["GET"]}}],"collection":[{"href":"https:\/\/kavkom.com\/he\/wp-json\/wp\/v2\/pages"}],"about":[{"href":"https:\/\/kavkom.com\/he\/wp-json\/wp\/v2\/types\/page"}],"author":[{"embeddable":true,"href":"https:\/\/kavkom.com\/he\/wp-json\/wp\/v2\/users\/15"}],"replies":[{"embeddable":true,"href":"https:\/\/kavkom.com\/he\/wp-json\/wp\/v2\/comments?post=40424"}],"version-history":[{"count":5,"href":"https:\/\/kavkom.com\/he\/wp-json\/wp\/v2\/pages\/40424\/revisions"}],"predecessor-version":[{"id":61095,"href":"https:\/\/kavkom.com\/he\/wp-json\/wp\/v2\/pages\/40424\/revisions\/61095"}],"wp:attachment":[{"href":"https:\/\/kavkom.com\/he\/wp-json\/wp\/v2\/media?parent=40424"}],"curies":[{"name":"wp","href":"https:\/\/api.w.org\/{rel}","templated":true}]}}