{"id":19368,"date":"2022-02-01T17:15:04","date_gmt":"2022-02-01T15:15:04","guid":{"rendered":"https:\/\/wizardly-einstein.82-165-125-94.plesk.page\/%d7%9e%d7%90%d7%9e%d7%a8%d7%99%d7%9d\/"},"modified":"2025-10-31T12:51:28","modified_gmt":"2025-10-31T10:51:28","slug":"articles","status":"publish","type":"page","link":"https:\/\/kavkom.com\/he\/articles\/","title":{"rendered":"\u05e4\u05e8\u05d9\u05d8\u05d9\u05dd"},"content":{"rendered":"\t\t<div data-elementor-type=\"wp-page\" data-elementor-id=\"19368\" class=\"elementor elementor-19368 elementor-682\" data-elementor-post-type=\"page\">\n\t\t\t\t<div class=\"elementor-element elementor-element-64c7d29 e-flex e-con-boxed e-con e-parent\" data-id=\"64c7d29\" data-element_type=\"container\" data-e-type=\"container\" data-settings=\"{&quot;background_background&quot;:&quot;classic&quot;}\">\n\t\t\t\t\t<div class=\"e-con-inner\">\n\t\t<div class=\"elementor-element elementor-element-32ba268 e-con-full e-flex e-con e-child\" data-id=\"32ba268\" data-element_type=\"container\" data-e-type=\"container\">\n\t\t<div class=\"elementor-element elementor-element-00a3cfd e-con-full e-flex e-con e-child\" data-id=\"00a3cfd\" data-element_type=\"container\" data-e-type=\"container\">\n\t\t<div class=\"elementor-element elementor-element-8eab503 e-con-full e-flex e-con e-child\" data-id=\"8eab503\" data-element_type=\"container\" data-e-type=\"container\">\n\t\t\t\t<div class=\"elementor-element elementor-element-84c11bc elementor-widget elementor-widget-heading\" data-id=\"84c11bc\" data-element_type=\"widget\" data-e-type=\"widget\" data-widget_type=\"heading.default\">\n\t\t\t\t\t<h1 class=\"elementor-heading-title elementor-size-default\">\u05e4\u05e8\u05d9\u05d8\u05d9\u05dd<\/h1>\t\t\t\t<\/div>\n\t\t\t\t<div class=\"elementor-element elementor-element-d6f93f5 elementor-widget elementor-widget-text-editor\" data-id=\"d6f93f5\" data-element_type=\"widget\" data-e-type=\"widget\" data-widget_type=\"text-editor.default\">\n\t\t\t\t\t\t\t\t\t<p>\u05de\u05e6\u05d0 \u05d0\u05ea \u05db\u05dc \u05d4\u05de\u05d0\u05de\u05e8\u05d9\u05dd \u05d1\u05e0\u05d5\u05e9\u05d0 \u05d8\u05dc\u05e4\u05d5\u05e0\u05d9\u05d4 \u05d1\u05e2\u05e0\u05df<\/p>\t\t\t\t\t\t\t\t<\/div>\n\t\t\t\t<div class=\"elementor-element elementor-element-f6f14a8 elementor-widget elementor-widget-button\" data-id=\"f6f14a8\" data-element_type=\"widget\" data-e-type=\"widget\" data-widget_type=\"button.default\">\n\t\t\t\t\t\t\t\t\t\t<a class=\"elementor-button elementor-button-link elementor-size-sm\" href=\"https:\/\/kavkom.com\/he\/free-demo\/\">\n\t\t\t\t\t\t<span class=\"elementor-button-content-wrapper\">\n\t\t\t\t\t\t\t\t\t<span class=\"elementor-button-text\">\u05d1\u05e7\u05e9\u05ea \u05d4\u05d3\u05d2\u05de\u05d4<\/span>\n\t\t\t\t\t<\/span>\n\t\t\t\t\t<\/a>\n\t\t\t\t\t\t\t\t<\/div>\n\t\t\t\t<\/div>\n\t\t\t\t<\/div>\n\t\t\t\t<\/div>\n\t\t<div class=\"elementor-element elementor-element-3d955b8 elementor-hidden-tablet elementor-hidden-mobile e-con-full e-flex e-con e-child\" data-id=\"3d955b8\" data-element_type=\"container\" data-e-type=\"container\">\n\t\t\t\t<div class=\"elementor-element elementor-element-26dd40b elementor-widget elementor-widget-image\" data-id=\"26dd40b\" data-element_type=\"widget\" data-e-type=\"widget\" data-widget_type=\"image.default\">\n\t\t\t\t\t\t\t\t\t\t\t\t\t\t\t<img fetchpriority=\"high\" decoding=\"async\" width=\"540\" height=\"448\" src=\"https:\/\/kavkom.com\/wp-content\/uploads\/2024\/01\/Solutions-avancees-dappel-pour-les-entreprises-du-secteur-de-la-sante.webp\" class=\"attachment-large size-large wp-image-37854\" alt=\"Logo repr\u00e9sentant des solutions avanc\u00e9es d&#039;appel pour les entreprises du secteur de la sant\u00e9\" \/>\t\t\t\t\t\t\t\t\t\t\t\t\t\t\t<\/div>\n\t\t\t\t<\/div>\n\t\t\t\t\t<\/div>\n\t\t\t\t<\/div>\n\t\t<div class=\"elementor-element elementor-element-f865594 e-flex e-con-boxed e-con e-parent\" data-id=\"f865594\" data-element_type=\"container\" data-e-type=\"container\">\n\t\t\t\t\t<div class=\"e-con-inner\">\n\t\t\t\t<div class=\"elementor-element elementor-element-d2cd83d e-n-tabs-mobile elementor-widget elementor-widget-n-tabs\" data-id=\"d2cd83d\" data-element_type=\"widget\" data-e-type=\"widget\" data-settings=\"{&quot;horizontal_scroll&quot;:&quot;disable&quot;}\" data-widget_type=\"nested-tabs.default\">\n\t\t\t\t\t\t\t<div class=\"e-n-tabs\" data-widget-number=\"221042749\" aria-label=\"\u05d8\u05d0\u05d1\u05d9\u05dd. \u05e4\u05ea\u05d7 \u05e4\u05e8\u05d9\u05d8\u05d9\u05dd \u05e2\u05dd \u05d0\u05e0\u05d8\u05e8 \u05d0\u05d5 \u05e8\u05d5\u05d5\u05d7, \u05e1\u05d2\u05d5\u05e8 \u05e2\u05dd \u05d0\u05e1\u05e7\u05d9\u05d9\u05e4 \u05d5\u05e0\u05d5\u05d5\u05d8 \u05d1\u05d0\u05de\u05e6\u05e2\u05d5\u05ea \u05de\u05e7\u05e9\u05d9 \u05d4\u05d7\u05e6\u05d9\u05dd\">\n\t\t\t<div class=\"e-n-tabs-heading\" role=\"tablist\">\n\t\t\t\t\t<button id=\"e-n-tab-title-2210427491\" data-tab-title-id=\"e-n-tab-title-2210427491\" class=\"e-n-tab-title\" aria-selected=\"true\" data-tab-index=\"1\" role=\"tab\" tabindex=\"0\" aria-controls=\"e-n-tab-content-2210427491\" style=\"--n-tabs-title-order: 1;\">\n\t\t\t\t\t\t<span class=\"e-n-tab-title-text\">\n\t\t\t\t\u05d8\u05dc\u05e4\u05d5\u05e0\u05d9\u05d4 \u05d1\u05e2\u05e0\u05df\t\t\t<\/span>\n\t\t<\/button>\n\t\t\t\t<button id=\"e-n-tab-title-2210427492\" data-tab-title-id=\"e-n-tab-title-2210427492\" class=\"e-n-tab-title\" aria-selected=\"false\" data-tab-index=\"2\" role=\"tab\" tabindex=\"-1\" aria-controls=\"e-n-tab-content-2210427492\" style=\"--n-tabs-title-order: 2;\">\n\t\t\t\t\t\t<span class=\"e-n-tab-title-text\">\n\t\t\t\t\u05d7\u05d9\u05d9\u05d2\u05df \u05d7\u05d6\u05d5\u05d9\t\t\t<\/span>\n\t\t<\/button>\n\t\t\t\t<button id=\"e-n-tab-title-2210427493\" data-tab-title-id=\"e-n-tab-title-2210427493\" class=\"e-n-tab-title\" aria-selected=\"false\" data-tab-index=\"3\" role=\"tab\" tabindex=\"-1\" aria-controls=\"e-n-tab-content-2210427493\" style=\"--n-tabs-title-order: 3;\">\n\t\t\t\t\t\t<span class=\"e-n-tab-title-text\">\n\t\t\t\t\u05de\u05db\u05d5\u05e0\u05ea \u05e9\u05d9\u05d7\u05d5\u05ea\t\t\t<\/span>\n\t\t<\/button>\n\t\t\t\t<button id=\"e-n-tab-title-2210427494\" data-tab-title-id=\"e-n-tab-title-2210427494\" class=\"e-n-tab-title\" aria-selected=\"false\" data-tab-index=\"4\" role=\"tab\" tabindex=\"-1\" aria-controls=\"e-n-tab-content-2210427494\" style=\"--n-tabs-title-order: 4;\">\n\t\t\t\t\t\t<span class=\"e-n-tab-title-text\">\n\t\t\t\t\u05d8\u05e8\u05e0\u05d3\u05d9\u05dd \u05d5\u05d7\u05d9\u05d3\u05d5\u05e9\u05d9\u05dd\t\t\t<\/span>\n\t\t<\/button>\n\t\t\t\t\t<\/div>\n\t\t\t<div class=\"e-n-tabs-content\">\n\t\t\t\t<div id=\"e-n-tab-content-2210427491\" role=\"tabpanel\" aria-labelledby=\"e-n-tab-title-2210427491\" data-tab-index=\"1\" style=\"--n-tabs-title-order: 1;\" class=\"e-active elementor-element elementor-element-e131124 e-con-full e-flex e-con e-child\" data-id=\"e131124\" data-element_type=\"container\" data-e-type=\"container\">\n\t\t\t\t<\/div>\n\t\t<div id=\"e-n-tab-content-2210427492\" role=\"tabpanel\" aria-labelledby=\"e-n-tab-title-2210427492\" data-tab-index=\"2\" style=\"--n-tabs-title-order: 2;\" class=\" elementor-element elementor-element-28fb721 e-con-full e-flex e-con e-child\" data-id=\"28fb721\" data-element_type=\"container\" data-e-type=\"container\">\n\t\t\t\t<\/div>\n\t\t<div id=\"e-n-tab-content-2210427493\" role=\"tabpanel\" aria-labelledby=\"e-n-tab-title-2210427493\" data-tab-index=\"3\" style=\"--n-tabs-title-order: 3;\" class=\" elementor-element elementor-element-926b867 e-con-full e-flex e-con e-child\" data-id=\"926b867\" data-element_type=\"container\" data-e-type=\"container\">\n\t\t\t\t<\/div>\n\t\t<div id=\"e-n-tab-content-2210427494\" role=\"tabpanel\" aria-labelledby=\"e-n-tab-title-2210427494\" data-tab-index=\"4\" style=\"--n-tabs-title-order: 4;\" class=\" elementor-element elementor-element-816c5da e-con-full e-flex e-con e-child\" data-id=\"816c5da\" data-element_type=\"container\" data-e-type=\"container\">\n\t\t\t\t<\/div>\n\t\t\t\t\t<\/div>\n\t\t<\/div>\n\t\t\t\t\t\t<\/div>\n\t\t\t\t\t<\/div>\n\t\t\t\t<\/div>\n\t\t\t\t<\/div>\n\t\t","protected":false},"excerpt":{"rendered":"<p>\u05e4\u05e8\u05d9\u05d8\u05d9\u05dd \u05de\u05e6\u05d0 \u05d0\u05ea \u05db\u05dc \u05d4\u05de\u05d0\u05de\u05e8\u05d9\u05dd \u05d1\u05e0\u05d5\u05e9\u05d0 \u05d8\u05dc\u05e4\u05d5\u05e0\u05d9\u05d4 \u05d1\u05e2\u05e0\u05df \u05d1\u05e7\u05e9\u05ea \u05d4\u05d3\u05d2\u05de\u05d4 \u05d8\u05dc\u05e4\u05d5\u05e0\u05d9\u05d4 \u05d1\u05e2\u05e0\u05df \u05d7\u05d9\u05d9\u05d2\u05df \u05d7\u05d6\u05d5\u05d9 \u05de\u05db\u05d5\u05e0\u05ea \u05e9\u05d9\u05d7\u05d5\u05ea \u05d8\u05e8\u05e0\u05d3\u05d9\u05dd \u05d5\u05d7\u05d9\u05d3\u05d5\u05e9\u05d9\u05dd Guide complet : Comment choisir entre ToIP et VoIP pour une t\u00e9l\u00e9phonie professionnelle efficace \u05e7\u05e8\u05d0 \u05e2\u05d5\u05d3 &quot; 8 meilleures solutions cloud contact center sans engagement pour augmenter la performance commerciale de vos \u00e9quipes \u05e7\u05e8\u05d0 \u05e2\u05d5\u05d3 &quot; T\u00e9l\u00e9phonie [&hellip;]<\/p>\n","protected":false},"author":14,"featured_media":0,"parent":0,"menu_order":0,"comment_status":"closed","ping_status":"closed","template":"","meta":{"_acf_changed":false,"content-type":"","footnotes":""},"class_list":["post-19368","page","type-page","status-publish","hentry"],"acf":[],"_links":{"self":[{"href":"https:\/\/kavkom.com\/he\/wp-json\/wp\/v2\/pages\/19368","targetHints":{"allow":["GET"]}}],"collection":[{"href":"https:\/\/kavkom.com\/he\/wp-json\/wp\/v2\/pages"}],"about":[{"href":"https:\/\/kavkom.com\/he\/wp-json\/wp\/v2\/types\/page"}],"author":[{"embeddable":true,"href":"https:\/\/kavkom.com\/he\/wp-json\/wp\/v2\/users\/14"}],"replies":[{"embeddable":true,"href":"https:\/\/kavkom.com\/he\/wp-json\/wp\/v2\/comments?post=19368"}],"version-history":[{"count":19,"href":"https:\/\/kavkom.com\/he\/wp-json\/wp\/v2\/pages\/19368\/revisions"}],"predecessor-version":[{"id":62550,"href":"https:\/\/kavkom.com\/he\/wp-json\/wp\/v2\/pages\/19368\/revisions\/62550"}],"wp:attachment":[{"href":"https:\/\/kavkom.com\/he\/wp-json\/wp\/v2\/media?parent=19368"}],"curies":[{"name":"wp","href":"https:\/\/api.w.org\/{rel}","templated":true}]}}