{"id":26282,"date":"2022-10-24T16:06:29","date_gmt":"2022-10-24T13:06:29","guid":{"rendered":"https:\/\/wizardly-einstein.82-165-125-94.plesk.page\/legal-notice\/"},"modified":"2025-11-05T19:34:51","modified_gmt":"2025-11-05T17:34:51","slug":"legal-notice","status":"publish","type":"page","link":"https:\/\/kavkom.com\/en\/privacy\/legal-notice\/","title":{"rendered":"Terms of use"},"content":{"rendered":"\t\t<div data-elementor-type=\"wp-page\" data-elementor-id=\"26282\" class=\"elementor elementor-26282 elementor-25909\" data-elementor-post-type=\"page\">\n\t\t\t\t\t\t<section class=\"elementor-section elementor-top-section elementor-element elementor-element-b6e8011 elementor-section-boxed elementor-section-height-default elementor-section-height-default\" data-id=\"b6e8011\" data-element_type=\"section\" data-e-type=\"section\">\n\t\t\t\t\t\t<div class=\"elementor-container elementor-column-gap-default\">\n\t\t\t\t\t<div class=\"elementor-column elementor-col-100 elementor-top-column elementor-element elementor-element-700defa\" data-id=\"700defa\" data-element_type=\"column\" data-e-type=\"column\">\n\t\t\t<div class=\"elementor-widget-wrap elementor-element-populated\">\n\t\t\t\t\t\t<div class=\"elementor-element elementor-element-2e2bd54 elementor-widget elementor-widget-heading\" data-id=\"2e2bd54\" data-element_type=\"widget\" data-e-type=\"widget\" data-widget_type=\"heading.default\">\n\t\t\t\t\t<h1 class=\"elementor-heading-title elementor-size-default\">Terms of use<\/h1>\t\t\t\t<\/div>\n\t\t\t\t\t<\/div>\n\t\t<\/div>\n\t\t\t\t\t<\/div>\n\t\t<\/section>\n\t\t\t\t<section class=\"elementor-section elementor-top-section elementor-element elementor-element-bc96572 elementor-section-boxed elementor-section-height-default elementor-section-height-default\" data-id=\"bc96572\" data-element_type=\"section\" data-e-type=\"section\">\n\t\t\t\t\t\t<div class=\"elementor-container elementor-column-gap-default\">\n\t\t\t\t\t<div class=\"elementor-column elementor-col-100 elementor-top-column elementor-element elementor-element-068542c\" data-id=\"068542c\" data-element_type=\"column\" data-e-type=\"column\">\n\t\t\t<div class=\"elementor-widget-wrap elementor-element-populated\">\n\t\t\t\t\t\t<section class=\"elementor-section elementor-inner-section elementor-element elementor-element-c49cb9a elementor-section-boxed elementor-section-height-default elementor-section-height-default\" data-id=\"c49cb9a\" data-element_type=\"section\" data-e-type=\"section\">\n\t\t\t\t\t\t<div class=\"elementor-container elementor-column-gap-default\">\n\t\t\t\t\t<div class=\"elementor-column elementor-col-100 elementor-inner-column elementor-element elementor-element-8772098\" data-id=\"8772098\" data-element_type=\"column\" data-e-type=\"column\" data-settings=\"{&quot;background_background&quot;:&quot;classic&quot;}\">\n\t\t\t<div class=\"elementor-widget-wrap elementor-element-populated\">\n\t\t\t\t\t\t<div class=\"elementor-element elementor-element-269be15 elementor-widget elementor-widget-text-editor\" data-id=\"269be15\" data-element_type=\"widget\" data-e-type=\"widget\" data-widget_type=\"text-editor.default\">\n\t\t\t\t\t\t\t\t\t<h3>PUBLISHER IDENTIFICATION<\/h3><p>This website, hereinafter the \u201cSite\u201d, is published by :<\/p><p><strong>KAVKOM FRANCE<\/strong>, a soci\u00e9t\u00e9 par actions simplifi\u00e9e (simplified joint stock company) with a share capital of 5,000 euros, registered in the Paris Trade and Companies Register under number 845 151 067, having its registered office at 53 Avenue Victor Hugo 75016 Paris.<\/p><p>Publication manager: Mr Yoni Journo<\/p><p>E-mail: <a href=\"mailto:contact@kavkom.com\">contact@kavkom.com<\/a><\/p><p>Telephone: +33-178 902 698<\/p><h3>SITE HOST<\/h3><p>The Site is hosted on servers located in Europe by Amazon Web Services Inc, PO Box 81226, Seattle, WA 981808-1226 &#8211; USA.<\/p><p>AWS can be reached at <a href=\"https:\/\/aws.amazon.com\/fr\/contact-us\/\" target=\"_blank\" rel=\"nofollow noopener\">https:\/\/aws.amazon.com\/fr\/contact-us\/<\/a><\/p><p><a href=\"https:\/\/mama-seo.fr\/\" target=\"_blank\" rel=\"noopener\">SEO : D\u00e9borah Achour &#8211; mama seo  <\/a><\/p><h3>RESPECT FOR INTELLECTUAL PROPERTY<\/h3><p>All trademarks, photographs, texts, comments, illustrations, images (animated or not), video sequences, sounds, as well as all computer applications that may be used to operate the Site and, more generally, all elements reproduced or used on the Site are protected by current intellectual property laws.<\/p><p>They are the full and complete property of the publisher or its partners, unless otherwise specified. Any reproduction, representation, use or adaptation, in any form whatsoever, of all or part of these elements, including computer applications, without the prior written consent of the publisher, is strictly forbidden. <\/p><p>The reproduction of all or part of this content requires the prior authorization of the publisher or the holder of the rights to this content.<\/p>\t\t\t\t\t\t\t\t<\/div>\n\t\t\t\t\t<\/div>\n\t\t<\/div>\n\t\t\t\t\t<\/div>\n\t\t<\/section>\n\t\t\t\t\t<\/div>\n\t\t<\/div>\n\t\t\t\t\t<\/div>\n\t\t<\/section>\n\t\t\t\t<\/div>\n\t\t","protected":false},"excerpt":{"rendered":"<p>Terms of use PUBLISHER IDENTIFICATION This website, hereinafter the \u201cSite\u201d, is published by : KAVKOM FRANCE, a soci\u00e9t\u00e9 par actions simplifi\u00e9e (simplified joint stock company) with a share capital of 5,000 euros, registered in the Paris Trade and Companies Register under number 845 151 067, having its registered office at 53 Avenue Victor Hugo 75016 [&hellip;]<\/p>\n","protected":false},"author":15,"featured_media":0,"parent":26300,"menu_order":0,"comment_status":"closed","ping_status":"closed","template":"","meta":{"_acf_changed":false,"content-type":"","footnotes":""},"class_list":["post-26282","page","type-page","status-publish","hentry"],"acf":[],"_links":{"self":[{"href":"https:\/\/kavkom.com\/en\/wp-json\/wp\/v2\/pages\/26282","targetHints":{"allow":["GET"]}}],"collection":[{"href":"https:\/\/kavkom.com\/en\/wp-json\/wp\/v2\/pages"}],"about":[{"href":"https:\/\/kavkom.com\/en\/wp-json\/wp\/v2\/types\/page"}],"author":[{"embeddable":true,"href":"https:\/\/kavkom.com\/en\/wp-json\/wp\/v2\/users\/15"}],"replies":[{"embeddable":true,"href":"https:\/\/kavkom.com\/en\/wp-json\/wp\/v2\/comments?post=26282"}],"version-history":[{"count":11,"href":"https:\/\/kavkom.com\/en\/wp-json\/wp\/v2\/pages\/26282\/revisions"}],"predecessor-version":[{"id":62848,"href":"https:\/\/kavkom.com\/en\/wp-json\/wp\/v2\/pages\/26282\/revisions\/62848"}],"up":[{"embeddable":true,"href":"https:\/\/kavkom.com\/en\/wp-json\/wp\/v2\/pages\/26300"}],"wp:attachment":[{"href":"https:\/\/kavkom.com\/en\/wp-json\/wp\/v2\/media?parent=26282"}],"curies":[{"name":"wp","href":"https:\/\/api.w.org\/{rel}","templated":true}]}}