{"id":18740,"date":"2022-02-01T12:31:30","date_gmt":"2022-02-01T10:31:30","guid":{"rendered":"https:\/\/wizardly-einstein.82-165-125-94.plesk.page\/useful-information\/"},"modified":"2025-10-31T12:51:43","modified_gmt":"2025-10-31T10:51:43","slug":"useful-information","status":"publish","type":"page","link":"https:\/\/kavkom.com\/en\/useful-information\/","title":{"rendered":"Useful information"},"content":{"rendered":"\t\t<div data-elementor-type=\"wp-page\" data-elementor-id=\"18740\" class=\"elementor elementor-18740 elementor-488\" data-elementor-post-type=\"page\">\n\t\t\t\t<div class=\"elementor-element elementor-element-551d865 e-flex e-con-boxed e-con e-parent\" data-id=\"551d865\" data-element_type=\"container\" data-e-type=\"container\" data-settings=\"{&quot;background_background&quot;:&quot;classic&quot;}\">\n\t\t\t\t\t<div class=\"e-con-inner\">\n\t\t<div class=\"elementor-element elementor-element-a40d224 e-con-full e-flex e-con e-child\" data-id=\"a40d224\" data-element_type=\"container\" data-e-type=\"container\">\n\t\t<div class=\"elementor-element elementor-element-a91a79f e-con-full e-flex e-con e-child\" data-id=\"a91a79f\" data-element_type=\"container\" data-e-type=\"container\">\n\t\t<div class=\"elementor-element elementor-element-2a6b94c e-con-full e-flex e-con e-child\" data-id=\"2a6b94c\" data-element_type=\"container\" data-e-type=\"container\">\n\t\t\t\t<div class=\"elementor-element elementor-element-593c725 elementor-widget elementor-widget-heading\" data-id=\"593c725\" data-element_type=\"widget\" data-e-type=\"widget\" data-widget_type=\"heading.default\">\n\t\t\t\t\t<h1 class=\"elementor-heading-title elementor-size-default\">Useful information<\/h1>\t\t\t\t<\/div>\n\t\t\t\t<div class=\"elementor-element elementor-element-97b7ec4 elementor-widget elementor-widget-text-editor\" data-id=\"97b7ec4\" data-element_type=\"widget\" data-e-type=\"widget\" data-widget_type=\"text-editor.default\">\n\t\t\t\t\t\t\t\t\t<p>Find out all you need to know about cloud telephony<\/p>\t\t\t\t\t\t\t\t<\/div>\n\t\t\t\t<div class=\"elementor-element elementor-element-735cf2a elementor-mobile-align-center elementor-widget elementor-widget-button\" data-id=\"735cf2a\" data-element_type=\"widget\" data-e-type=\"widget\" data-widget_type=\"button.default\">\n\t\t\t\t\t\t\t\t\t\t<a class=\"elementor-button elementor-button-link elementor-size-sm\" href=\"https:\/\/kavkom.com\/en\/free-demo\/\">\n\t\t\t\t\t\t<span class=\"elementor-button-content-wrapper\">\n\t\t\t\t\t\t\t\t\t<span class=\"elementor-button-text\">Request a demo<\/span>\n\t\t\t\t\t<\/span>\n\t\t\t\t\t<\/a>\n\t\t\t\t\t\t\t\t<\/div>\n\t\t\t\t<\/div>\n\t\t\t\t<\/div>\n\t\t\t\t<\/div>\n\t\t<div class=\"elementor-element elementor-element-bae7526 elementor-hidden-tablet elementor-hidden-mobile e-con-full e-flex e-con e-child\" data-id=\"bae7526\" data-element_type=\"container\" data-e-type=\"container\">\n\t\t\t\t<div class=\"elementor-element elementor-element-7fd461d elementor-widget elementor-widget-image\" data-id=\"7fd461d\" data-element_type=\"widget\" data-e-type=\"widget\" data-widget_type=\"image.default\">\n\t\t\t\t\t\t\t\t\t\t\t\t\t\t\t<img fetchpriority=\"high\" decoding=\"async\" width=\"540\" height=\"448\" src=\"https:\/\/kavkom.com\/wp-content\/uploads\/2024\/01\/Solutions-avancees-dappel-pour-les-entreprises-du-secteur-de-la-sante.webp\" class=\"attachment-large size-large wp-image-37853\" alt=\"Logo repr\u00e9sentant des solutions avanc\u00e9es d&#039;appel pour les entreprises du secteur de la sant\u00e9\" \/>\t\t\t\t\t\t\t\t\t\t\t\t\t\t\t<\/div>\n\t\t\t\t<\/div>\n\t\t\t\t\t<\/div>\n\t\t\t\t<\/div>\n\t\t<div class=\"elementor-element elementor-element-2ecd04c e-flex e-con-boxed e-con e-parent\" data-id=\"2ecd04c\" data-element_type=\"container\" data-e-type=\"container\">\n\t\t\t\t\t<div class=\"e-con-inner\">\n\t\t<div class=\"elementor-element elementor-element-ba1478f e-con-full e-flex e-con e-child\" data-id=\"ba1478f\" data-element_type=\"container\" data-e-type=\"container\">\n\t\t\t\t<\/div>\n\t\t\t\t\t<\/div>\n\t\t\t\t<\/div>\n\t\t\t\t<\/div>\n\t\t","protected":false},"excerpt":{"rendered":"<p>Useful information Find out all you need to know about cloud telephony Request a demo<\/p>\n","protected":false},"author":14,"featured_media":0,"parent":0,"menu_order":0,"comment_status":"closed","ping_status":"closed","template":"","meta":{"_acf_changed":false,"content-type":"","footnotes":""},"class_list":["post-18740","page","type-page","status-publish","hentry"],"acf":[],"_links":{"self":[{"href":"https:\/\/kavkom.com\/en\/wp-json\/wp\/v2\/pages\/18740","targetHints":{"allow":["GET"]}}],"collection":[{"href":"https:\/\/kavkom.com\/en\/wp-json\/wp\/v2\/pages"}],"about":[{"href":"https:\/\/kavkom.com\/en\/wp-json\/wp\/v2\/types\/page"}],"author":[{"embeddable":true,"href":"https:\/\/kavkom.com\/en\/wp-json\/wp\/v2\/users\/14"}],"replies":[{"embeddable":true,"href":"https:\/\/kavkom.com\/en\/wp-json\/wp\/v2\/comments?post=18740"}],"version-history":[{"count":7,"href":"https:\/\/kavkom.com\/en\/wp-json\/wp\/v2\/pages\/18740\/revisions"}],"predecessor-version":[{"id":55677,"href":"https:\/\/kavkom.com\/en\/wp-json\/wp\/v2\/pages\/18740\/revisions\/55677"}],"wp:attachment":[{"href":"https:\/\/kavkom.com\/en\/wp-json\/wp\/v2\/media?parent=18740"}],"curies":[{"name":"wp","href":"https:\/\/api.w.org\/{rel}","templated":true}]}}